{"id":13,"date":"2016-10-13T00:01:14","date_gmt":"2016-10-12T21:01:14","guid":{"rendered":"https:\/\/sisulabor.ee\/?page_id=13"},"modified":"2016-10-13T00:10:18","modified_gmt":"2016-10-12T21:10:18","slug":"reisid","status":"publish","type":"page","link":"https:\/\/sisulabor.ee\/?page_id=13","title":{"rendered":"Reisid"},"content":{"rendered":"<h2 style=\"text-align: left;\">Reisid P\u00f5hjamaadesse<\/h2>\n<p style=\"text-align: left;\">Aitame korraldada reise P\u00f5hjamaadesse, milles meil on erakordne ekspertiis: Island, F\u00e4\u00e4ri saared ja Gr\u00f6\u00f6nimaa. T\u00f5estust pole kaugelt vaja otsida &#8211; selleks on rahulolevad reisijad eelmistest reisidest, kellest paljud tulevad uuesti reisima.<\/p>\n","protected":false},"excerpt":{"rendered":"<p>Olen olnud giid ja teinud reise Islandile juba 12 aastat. Kui soovid unustamatut elamust Islandilt v\u00f5i F\u00e4\u00e4ridelt, saan Sind aidata. V\u00f5ta \u00fchendust.<\/p>\n","protected":false},"author":1,"featured_media":0,"parent":0,"menu_order":0,"comment_status":"closed","ping_status":"closed","template":"","meta":{"footnotes":""},"class_list":["post-13","page","type-page","status-publish","hentry"],"jetpack_sharing_enabled":true,"_links":{"self":[{"href":"https:\/\/sisulabor.ee\/index.php?rest_route=\/wp\/v2\/pages\/13","targetHints":{"allow":["GET"]}}],"collection":[{"href":"https:\/\/sisulabor.ee\/index.php?rest_route=\/wp\/v2\/pages"}],"about":[{"href":"https:\/\/sisulabor.ee\/index.php?rest_route=\/wp\/v2\/types\/page"}],"author":[{"embeddable":true,"href":"https:\/\/sisulabor.ee\/index.php?rest_route=\/wp\/v2\/users\/1"}],"replies":[{"embeddable":true,"href":"https:\/\/sisulabor.ee\/index.php?rest_route=%2Fwp%2Fv2%2Fcomments&post=13"}],"version-history":[{"count":5,"href":"https:\/\/sisulabor.ee\/index.php?rest_route=\/wp\/v2\/pages\/13\/revisions"}],"predecessor-version":[{"id":280,"href":"https:\/\/sisulabor.ee\/index.php?rest_route=\/wp\/v2\/pages\/13\/revisions\/280"}],"wp:attachment":[{"href":"https:\/\/sisulabor.ee\/index.php?rest_route=%2Fwp%2Fv2%2Fmedia&parent=13"}],"curies":[{"name":"wp","href":"https:\/\/api.w.org\/{rel}","templated":true}]}}