{"id":17,"date":"2016-05-17T14:53:34","date_gmt":"2016-05-17T11:53:34","guid":{"rendered":"https:\/\/sisulabor.ee\/?page_id=17"},"modified":"2018-03-10T21:01:17","modified_gmt":"2018-03-10T19:01:17","slug":"tolked","status":"publish","type":"page","link":"https:\/\/sisulabor.ee\/?page_id=17","title":{"rendered":"T\u00f5lked"},"content":{"rendered":"<p>Askur Alase t\u00f5lked islandi keelest (\u00fchel juhul ka inglise keelest) eesti keelde.<\/p>\n","protected":false},"excerpt":{"rendered":"<p>Askur Alase t\u00f5lked islandi keelest (\u00fchel juhul ka inglise keelest) eesti keelde.<\/p>\n","protected":false},"author":1,"featured_media":0,"parent":0,"menu_order":0,"comment_status":"closed","ping_status":"closed","template":"","meta":{"footnotes":""},"class_list":["post-17","page","type-page","status-publish","hentry"],"jetpack_sharing_enabled":true,"_links":{"self":[{"href":"https:\/\/sisulabor.ee\/index.php?rest_route=\/wp\/v2\/pages\/17","targetHints":{"allow":["GET"]}}],"collection":[{"href":"https:\/\/sisulabor.ee\/index.php?rest_route=\/wp\/v2\/pages"}],"about":[{"href":"https:\/\/sisulabor.ee\/index.php?rest_route=\/wp\/v2\/types\/page"}],"author":[{"embeddable":true,"href":"https:\/\/sisulabor.ee\/index.php?rest_route=\/wp\/v2\/users\/1"}],"replies":[{"embeddable":true,"href":"https:\/\/sisulabor.ee\/index.php?rest_route=%2Fwp%2Fv2%2Fcomments&post=17"}],"version-history":[{"count":4,"href":"https:\/\/sisulabor.ee\/index.php?rest_route=\/wp\/v2\/pages\/17\/revisions"}],"predecessor-version":[{"id":387,"href":"https:\/\/sisulabor.ee\/index.php?rest_route=\/wp\/v2\/pages\/17\/revisions\/387"}],"wp:attachment":[{"href":"https:\/\/sisulabor.ee\/index.php?rest_route=%2Fwp%2Fv2%2Fmedia&parent=17"}],"curies":[{"name":"wp","href":"https:\/\/api.w.org\/{rel}","templated":true}]}}