{"id":183,"date":"2016-05-23T17:21:59","date_gmt":"2016-05-23T14:21:59","guid":{"rendered":"https:\/\/sisulabor.ee\/?page_id=183"},"modified":"2016-06-01T12:41:44","modified_gmt":"2016-06-01T09:41:44","slug":"meist","status":"publish","type":"page","link":"https:\/\/sisulabor.ee\/?page_id=183","title":{"rendered":"Meist"},"content":{"rendered":"<h2>Kes on <span class=\"il\">Askur<\/span> Alas ja mis on Sisulabor?<\/h2>\n<p><span class=\"il\">Askur<\/span> Alas l\u00f5i Sisulabori selleks, et pakkuda oma teadmisi ja oskusi laiemalt, olgu siis tegu t\u00f5lkimise, reisikorralduse, konsultatsiooni, loengu v\u00f5i \u00fcksk\u00f5ik millise kirjat\u00f6\u00f6ga, sisuturunduse v\u00f5i romaaniga. See ei t\u00e4henda, et ta alati t\u00f6\u00f6taks \u00fcksinda &#8211; olemas on 15 aastaga ajakirjanduses ja turisminduses loodud kontaktide v\u00f5rgustik, mis v\u00f5imaldab ette v\u00f5tta ka mahukaid t\u00f6id.<\/p>\n<h2>Mis kasu v\u00f5iks olla Sisulaborist?<\/h2>\n<ul>\n<li>Artiklid: ajakirjanduslike- ja reklaamartiklite kirjutamine\/koostamine\/toimetamine, PR-tekstid<\/li>\n<li>Ajakirjad: ettev\u00f5tete uudiskirjade ja kliendilehtede loomine\/toimetamine<\/li>\n<li>Raamatud: elulooliste, populaarteaduslike jms raamatute kirjutamine\/koostamine<\/li>\n<li>Sisuturundus: ettev\u00f5tete sotsiaalmeedia- ja blogipostituste koostamine<\/li>\n<li>T\u00f5lkimine: islandi- ja ingliskeelsete tekstide t\u00f5lkimine, sh Trados Studio 2015 abil<\/li>\n<li>Reisimine: giidindus ja\/v\u00f5i reisikorraldus Islandil, Gr\u00f6\u00f6nimaal, F\u00e4\u00e4ri saartel<\/li>\n<li>Muu: n\u00f5ustamine, loengud, ettekanded jpm<\/li>\n<li>Veebidisain ja arendus &#8211; kodulehed<\/li>\n<\/ul>\n<h2><span class=\"il\">Askur<\/span> enda kohta:<\/h2>\n<div>\n<div><\/div>\n<p>Olen kirjamees ja s\u00f5naseadja, t\u00f5lkija, Islandi fanaatik ja giid tundmatutel radadel seikluse otsijaile. Sisulabori l\u00f5in selleks, et pakkuda oma teadmisi ja oskusi laiemalt, olgu siis tegu t\u00f5lkimise, reisikorralduse, konsultatsiooni, loengu v\u00f5i \u00fcksk\u00f5ik millise kirjat\u00f6\u00f6ga, romaani v\u00f5i FB-postitusega.<\/p>\n<div><\/div>\n<p>Emalt sain vene keele, Tallinna 7. Keskkoolist inglise keele ja 90ndatel Islandi \u00dclikoolis islandi keele ja kultuuri teadmised, j\u00e4tkates skandinavistika \u00f5pinguid Tartu \u00dclikoolis, kus \u00fchtlasi pidasin ka loenguid.<\/p>\n<div><\/div>\n<p>\u00dcle k\u00fcmne aasta olen tegutsenud eestlaste giidina Islandil, sekka ka F\u00e4\u00e4ridel ja Gr\u00f6\u00f6nimaal, maades, mis on haaravalt l\u00e4bip\u00f5imunud saagadest ja hingematvatest loodusvaadetest. N\u00fc\u00fcd teen reise nii ise kui ka nt. Eesti suurimale kultuurireiside korraldajale Germalo Reisidele. Hoian end Islandi-asjadega igap\u00e4evaselt kursis, mida v\u00f5ib lugeda ka kodulehe uudiste k\u00fcljelt ja FB-saidilt. Samas on mul vastupandamatu huvi ka saagade ja muinasp\u00f5hja m\u00fctoloogia vastu.<\/p>\n<div><\/div>\n<p>Olen \u00fcle 15 aasta t\u00f6\u00f6tanud Ekspress Grupis, esmalt Eesti esimese internetiportaali Mega toimetajana, siis P\u00e4evaleht Online\u00b4i ja P\u00e4evalehe paberlehe toimetuses. Viimased 7-8 aastat olin Eesti Ekspressi ajakirjanik. Alates 2014. aastast t\u00f6\u00f6tan vabakutselisena. 2015. aastast tegutseb O\u00dc Sisulabor.<\/p>\n<\/div>\n","protected":false},"excerpt":{"rendered":"<p>Askur Alas l\u00f5i Sisulabori selleks, et pakkuda oma teadmisi ja oskusi laiemalt, olgu siis tegu t\u00f5lkimise, reisikorralduse, konsultatsiooni, loengu v\u00f5i \u00fcksk\u00f5ik millise kirjat\u00f6\u00f6ga, sisuturunduse v\u00f5i romaaniga. <\/p>\n","protected":false},"author":1,"featured_media":146,"parent":0,"menu_order":0,"comment_status":"closed","ping_status":"closed","template":"","meta":{"footnotes":""},"class_list":["post-183","page","type-page","status-publish","has-post-thumbnail","hentry"],"jetpack_sharing_enabled":true,"_links":{"self":[{"href":"https:\/\/sisulabor.ee\/index.php?rest_route=\/wp\/v2\/pages\/183","targetHints":{"allow":["GET"]}}],"collection":[{"href":"https:\/\/sisulabor.ee\/index.php?rest_route=\/wp\/v2\/pages"}],"about":[{"href":"https:\/\/sisulabor.ee\/index.php?rest_route=\/wp\/v2\/types\/page"}],"author":[{"embeddable":true,"href":"https:\/\/sisulabor.ee\/index.php?rest_route=\/wp\/v2\/users\/1"}],"replies":[{"embeddable":true,"href":"https:\/\/sisulabor.ee\/index.php?rest_route=%2Fwp%2Fv2%2Fcomments&post=183"}],"version-history":[{"count":10,"href":"https:\/\/sisulabor.ee\/index.php?rest_route=\/wp\/v2\/pages\/183\/revisions"}],"predecessor-version":[{"id":262,"href":"https:\/\/sisulabor.ee\/index.php?rest_route=\/wp\/v2\/pages\/183\/revisions\/262"}],"wp:featuredmedia":[{"embeddable":true,"href":"https:\/\/sisulabor.ee\/index.php?rest_route=\/wp\/v2\/media\/146"}],"wp:attachment":[{"href":"https:\/\/sisulabor.ee\/index.php?rest_route=%2Fwp%2Fv2%2Fmedia&parent=183"}],"curies":[{"name":"wp","href":"https:\/\/api.w.org\/{rel}","templated":true}]}}